{"id":6151,"date":"2024-12-16T13:18:24","date_gmt":"2024-12-16T12:18:24","guid":{"rendered":"https:\/\/key4light.be\/?page_id=6151"},"modified":"2024-12-16T13:18:25","modified_gmt":"2024-12-16T12:18:25","slug":"nos-engagement-esg","status":"publish","type":"page","link":"https:\/\/key4light.be\/fr\/nos-engagement-esg\/","title":{"rendered":"Nos engagement ESG"},"content":{"rendered":"","protected":false},"excerpt":{"rendered":"","protected":false},"author":2,"featured_media":0,"parent":0,"menu_order":0,"comment_status":"closed","ping_status":"closed","template":"","meta":{"_acf_changed":false,"footnotes":""},"class_list":["post-6151","page","type-page","status-publish","hentry"],"acf":[],"yoast_head":"<!-- This site is optimized with the Yoast SEO plugin v26.8 - https:\/\/yoast.com\/product\/yoast-seo-wordpress\/ -->\n<title>Nos engagement ESG - Key4light<\/title>\n<meta name=\"description\" content=\"Key4light collabore avec des fabricants d\u2019\u00e9clairage de renomm\u00e9e internationale et les repr\u00e9sente en Belgique. Dans le cadre de projets, Key4light d\u00e9veloppe des solutions compl\u00e8tes d\u2019\u00e9clairage individuelles et innovantes qui satisfont toutes les parties (Ma\u00eetre d\u2019ouvrage, Architecte, Bureau d\u2019\u00e9tude et Installateur) tout en gardant les aspects \u00e9nerg\u00e9tiques\" \/>\n<meta name=\"robots\" content=\"index, follow, max-snippet:-1, max-image-preview:large, max-video-preview:-1\" \/>\n<link rel=\"canonical\" href=\"https:\/\/key4light.be\/fr\/nos-engagement-esg\/\" \/>\n<meta property=\"og:locale\" content=\"fr_FR\" \/>\n<meta property=\"og:type\" content=\"article\" \/>\n<meta property=\"og:title\" content=\"Nos engagement ESG - Key4light\" \/>\n<meta property=\"og:description\" content=\"Key4light collabore avec des fabricants d\u2019\u00e9clairage de renomm\u00e9e internationale et les repr\u00e9sente en Belgique. Dans le cadre de projets, Key4light d\u00e9veloppe des solutions compl\u00e8tes d\u2019\u00e9clairage individuelles et innovantes qui satisfont toutes les parties (Ma\u00eetre d\u2019ouvrage, Architecte, Bureau d\u2019\u00e9tude et Installateur) tout en gardant les aspects \u00e9nerg\u00e9tiques\" \/>\n<meta property=\"og:url\" content=\"https:\/\/key4light.be\/fr\/nos-engagement-esg\/\" \/>\n<meta property=\"og:site_name\" content=\"Key4light\" \/>\n<meta property=\"article:publisher\" content=\"https:\/\/www.facebook.com\/key4light\" \/>\n<meta property=\"article:modified_time\" content=\"2024-12-16T12:18:25+00:00\" \/>\n<meta property=\"og:image\" content=\"https:\/\/key4light.be\/wp-content\/uploads\/2017\/11\/halo-1-1200x800-1.jpg\" \/>\n\t<meta property=\"og:image:width\" content=\"1200\" \/>\n\t<meta property=\"og:image:height\" content=\"800\" \/>\n\t<meta property=\"og:image:type\" content=\"image\/jpeg\" \/>\n<meta name=\"twitter:card\" content=\"summary_large_image\" \/>\n<script type=\"application\/ld+json\" class=\"yoast-schema-graph\">{\"@context\":\"https:\/\/schema.org\",\"@graph\":[{\"@type\":\"WebPage\",\"@id\":\"https:\/\/key4light.be\/fr\/nos-engagement-esg\/\",\"url\":\"https:\/\/key4light.be\/fr\/nos-engagement-esg\/\",\"name\":\"Nos engagement ESG - Key4light\",\"isPartOf\":{\"@id\":\"https:\/\/key4light.be\/fr\/#website\"},\"datePublished\":\"2024-12-16T12:18:24+00:00\",\"dateModified\":\"2024-12-16T12:18:25+00:00\",\"description\":\"Key4light collabore avec des fabricants d\u2019\u00e9clairage de renomm\u00e9e internationale et les repr\u00e9sente en Belgique. Dans le cadre de projets, Key4light d\u00e9veloppe des solutions compl\u00e8tes d\u2019\u00e9clairage individuelles et innovantes qui satisfont toutes les parties (Ma\u00eetre d\u2019ouvrage, Architecte, Bureau d\u2019\u00e9tude et Installateur) tout en gardant les aspects \u00e9nerg\u00e9tiques\",\"breadcrumb\":{\"@id\":\"https:\/\/key4light.be\/fr\/nos-engagement-esg\/#breadcrumb\"},\"inLanguage\":\"fr-FR\",\"potentialAction\":[{\"@type\":\"ReadAction\",\"target\":[\"https:\/\/key4light.be\/fr\/nos-engagement-esg\/\"]}]},{\"@type\":\"BreadcrumbList\",\"@id\":\"https:\/\/key4light.be\/fr\/nos-engagement-esg\/#breadcrumb\",\"itemListElement\":[{\"@type\":\"ListItem\",\"position\":1,\"name\":\"Home\",\"item\":\"https:\/\/key4light.be\/fr\/\"},{\"@type\":\"ListItem\",\"position\":2,\"name\":\"Nos engagement ESG\"}]},{\"@type\":\"WebSite\",\"@id\":\"https:\/\/key4light.be\/fr\/#website\",\"url\":\"https:\/\/key4light.be\/fr\/\",\"name\":\"Key4light\",\"description\":\"Professional lighting solutions\",\"publisher\":{\"@id\":\"https:\/\/key4light.be\/fr\/#organization\"},\"potentialAction\":[{\"@type\":\"SearchAction\",\"target\":{\"@type\":\"EntryPoint\",\"urlTemplate\":\"https:\/\/key4light.be\/fr\/?s={search_term_string}\"},\"query-input\":{\"@type\":\"PropertyValueSpecification\",\"valueRequired\":true,\"valueName\":\"search_term_string\"}}],\"inLanguage\":\"fr-FR\"},{\"@type\":\"Organization\",\"@id\":\"https:\/\/key4light.be\/fr\/#organization\",\"name\":\"Key4light\",\"url\":\"https:\/\/key4light.be\/fr\/\",\"logo\":{\"@type\":\"ImageObject\",\"inLanguage\":\"fr-FR\",\"@id\":\"https:\/\/key4light.be\/fr\/#\/schema\/logo\/image\/\",\"url\":\"https:\/\/key4light.be\/wp-content\/uploads\/2020\/05\/logo@2x.png\",\"contentUrl\":\"https:\/\/key4light.be\/wp-content\/uploads\/2020\/05\/logo@2x.png\",\"width\":224,\"height\":90,\"caption\":\"Key4light\"},\"image\":{\"@id\":\"https:\/\/key4light.be\/fr\/#\/schema\/logo\/image\/\"},\"sameAs\":[\"https:\/\/www.facebook.com\/key4light\",\"https:\/\/www.linkedin.com\/company\/key4light\/\"]}]}<\/script>\n<!-- \/ Yoast SEO plugin. -->","yoast_head_json":{"title":"Nos engagement ESG - Key4light","description":"Key4light collabore avec des fabricants d\u2019\u00e9clairage de renomm\u00e9e internationale et les repr\u00e9sente en Belgique. Dans le cadre de projets, Key4light d\u00e9veloppe des solutions compl\u00e8tes d\u2019\u00e9clairage individuelles et innovantes qui satisfont toutes les parties (Ma\u00eetre d\u2019ouvrage, Architecte, Bureau d\u2019\u00e9tude et Installateur) tout en gardant les aspects \u00e9nerg\u00e9tiques","robots":{"index":"index","follow":"follow","max-snippet":"max-snippet:-1","max-image-preview":"max-image-preview:large","max-video-preview":"max-video-preview:-1"},"canonical":"https:\/\/key4light.be\/fr\/nos-engagement-esg\/","og_locale":"fr_FR","og_type":"article","og_title":"Nos engagement ESG - Key4light","og_description":"Key4light collabore avec des fabricants d\u2019\u00e9clairage de renomm\u00e9e internationale et les repr\u00e9sente en Belgique. Dans le cadre de projets, Key4light d\u00e9veloppe des solutions compl\u00e8tes d\u2019\u00e9clairage individuelles et innovantes qui satisfont toutes les parties (Ma\u00eetre d\u2019ouvrage, Architecte, Bureau d\u2019\u00e9tude et Installateur) tout en gardant les aspects \u00e9nerg\u00e9tiques","og_url":"https:\/\/key4light.be\/fr\/nos-engagement-esg\/","og_site_name":"Key4light","article_publisher":"https:\/\/www.facebook.com\/key4light","article_modified_time":"2024-12-16T12:18:25+00:00","og_image":[{"width":1200,"height":800,"url":"https:\/\/key4light.be\/wp-content\/uploads\/2017\/11\/halo-1-1200x800-1.jpg","type":"image\/jpeg"}],"twitter_card":"summary_large_image","schema":{"@context":"https:\/\/schema.org","@graph":[{"@type":"WebPage","@id":"https:\/\/key4light.be\/fr\/nos-engagement-esg\/","url":"https:\/\/key4light.be\/fr\/nos-engagement-esg\/","name":"Nos engagement ESG - Key4light","isPartOf":{"@id":"https:\/\/key4light.be\/fr\/#website"},"datePublished":"2024-12-16T12:18:24+00:00","dateModified":"2024-12-16T12:18:25+00:00","description":"Key4light collabore avec des fabricants d\u2019\u00e9clairage de renomm\u00e9e internationale et les repr\u00e9sente en Belgique. Dans le cadre de projets, Key4light d\u00e9veloppe des solutions compl\u00e8tes d\u2019\u00e9clairage individuelles et innovantes qui satisfont toutes les parties (Ma\u00eetre d\u2019ouvrage, Architecte, Bureau d\u2019\u00e9tude et Installateur) tout en gardant les aspects \u00e9nerg\u00e9tiques","breadcrumb":{"@id":"https:\/\/key4light.be\/fr\/nos-engagement-esg\/#breadcrumb"},"inLanguage":"fr-FR","potentialAction":[{"@type":"ReadAction","target":["https:\/\/key4light.be\/fr\/nos-engagement-esg\/"]}]},{"@type":"BreadcrumbList","@id":"https:\/\/key4light.be\/fr\/nos-engagement-esg\/#breadcrumb","itemListElement":[{"@type":"ListItem","position":1,"name":"Home","item":"https:\/\/key4light.be\/fr\/"},{"@type":"ListItem","position":2,"name":"Nos engagement ESG"}]},{"@type":"WebSite","@id":"https:\/\/key4light.be\/fr\/#website","url":"https:\/\/key4light.be\/fr\/","name":"Key4light","description":"Professional lighting solutions","publisher":{"@id":"https:\/\/key4light.be\/fr\/#organization"},"potentialAction":[{"@type":"SearchAction","target":{"@type":"EntryPoint","urlTemplate":"https:\/\/key4light.be\/fr\/?s={search_term_string}"},"query-input":{"@type":"PropertyValueSpecification","valueRequired":true,"valueName":"search_term_string"}}],"inLanguage":"fr-FR"},{"@type":"Organization","@id":"https:\/\/key4light.be\/fr\/#organization","name":"Key4light","url":"https:\/\/key4light.be\/fr\/","logo":{"@type":"ImageObject","inLanguage":"fr-FR","@id":"https:\/\/key4light.be\/fr\/#\/schema\/logo\/image\/","url":"https:\/\/key4light.be\/wp-content\/uploads\/2020\/05\/logo@2x.png","contentUrl":"https:\/\/key4light.be\/wp-content\/uploads\/2020\/05\/logo@2x.png","width":224,"height":90,"caption":"Key4light"},"image":{"@id":"https:\/\/key4light.be\/fr\/#\/schema\/logo\/image\/"},"sameAs":["https:\/\/www.facebook.com\/key4light","https:\/\/www.linkedin.com\/company\/key4light\/"]}]}},"_links":{"self":[{"href":"https:\/\/key4light.be\/fr\/wp-json\/wp\/v2\/pages\/6151","targetHints":{"allow":["GET"]}}],"collection":[{"href":"https:\/\/key4light.be\/fr\/wp-json\/wp\/v2\/pages"}],"about":[{"href":"https:\/\/key4light.be\/fr\/wp-json\/wp\/v2\/types\/page"}],"author":[{"embeddable":true,"href":"https:\/\/key4light.be\/fr\/wp-json\/wp\/v2\/users\/2"}],"replies":[{"embeddable":true,"href":"https:\/\/key4light.be\/fr\/wp-json\/wp\/v2\/comments?post=6151"}],"version-history":[{"count":1,"href":"https:\/\/key4light.be\/fr\/wp-json\/wp\/v2\/pages\/6151\/revisions"}],"predecessor-version":[{"id":6152,"href":"https:\/\/key4light.be\/fr\/wp-json\/wp\/v2\/pages\/6151\/revisions\/6152"}],"wp:attachment":[{"href":"https:\/\/key4light.be\/fr\/wp-json\/wp\/v2\/media?parent=6151"}],"curies":[{"name":"wp","href":"https:\/\/api.w.org\/{rel}","templated":true}]}}